{"id":215,"date":"2015-09-30T09:01:34","date_gmt":"2015-09-30T09:01:34","guid":{"rendered":"http:\/\/tn.joomexp.com\/wordpress\/wp-trust\/?page_id=215"},"modified":"2021-07-02T10:30:25","modified_gmt":"2021-07-02T08:30:25","slug":"kontakt","status":"publish","type":"page","link":"https:\/\/www.kpl.sk\/de\/kontakt\/","title":{"rendered":"Kontakt"},"content":{"rendered":"<p><\/p>\n<p>[vc_row][vc_column][cms_heading hd_subtitle=&#8220;Melden Sie sich uns&#8220; hd_title=&#8220;Kontakte&#8220; cms_template=&#8220;cms_heading.php&#8220;][vc_empty_space height=&#8220;43px&#8220;][\/vc_column][\/vc_row][vc_row][vc_column width=&#8220;1\/2&#8243;][vc_row_inner][vc_column_inner][vc_raw_html]JTNDc3BhbiUyMGNsYXNzJTNEJTIyY29sb3ItcHJpbWFyeSUyMGJsb2NrJTIyJTNFTWdyLiUyMEluZy4lMjBSYXN0aXNsYXYlMjBLZWxsZXIlM0MlMkZzcGFuJTNF[\/vc_raw_html][\/vc_column_inner][\/vc_row_inner][vc_row_inner][vc_column_inner width=&#8220;1\/3&#8243; text_align=&#8220;left&#8220;][vc_raw_html]JTNDZGl2JTIwY2xhc3MlM0QlMjJwYWdlLWdldC1jb250YWN0JTIyJTNFJTBBJTA5JTNDdWwlM0UlMEElMDklMDklM0NsaSUzRSUzQ2klMjBjbGFzcyUzRCUyMmZhJTIwJTIwZmEtcGhvbmUlMjIlM0UlM0MlMkZpJTNFJTJCNDIxJTIwOTA3JTIwNzQ1JTIwMDM4JTNDJTJGbGklM0UlMEElMDklM0MlMkZ1bCUzRSUwQSUzQyUyRmRpdiUzRSUwQQ==[\/vc_raw_html][\/vc_column_inner][vc_column_inner width=&#8220;1\/3&#8243;][vc_raw_html]JTNDZGl2JTIwY2xhc3MlM0QlMjJwYWdlLWdldC1jb250YWN0JTIyJTNFJTBBJTA5JTNDdWwlM0UlMEElMDklMDklM0NsaSUzRSUzQ2klMjBjbGFzcyUzRCUyMmZhJTIwJTIwJTIwZmEtZW52ZWxvcGUlMjIlM0UlM0MlMkZpJTNFJTNDYSUyMGhyZWYlM0QlMjJtYWlsdG8lM0FyYXN0aXNsYXYua2VsbGVyJTQwa3BsLnNrJTIyJTNFcmFzdGlzbGF2LmtlbGxlciU0MGtwbC5zayUzQyUyRmElM0UlM0MlMkZsaSUzRSUwQSUwOSUzQyUyRnVsJTNFJTBBJTNDJTJGZGl2JTNF[\/vc_raw_html][\/vc_column_inner][vc_column_inner width=&#8220;1\/3&#8243;][vc_raw_html]JTNDZGl2JTIwY2xhc3MlM0QlMjJwYWdlLWdldC1jb250YWN0JTIyJTNFJTBBJTA5JTNDdWwlM0UlMEElMDklMDklM0NsaSUzRSUzQ2klMjBjbGFzcyUzRCUyMmZhJTIwJTIwJTIwZmEtbGlua2VkaW4lMjIlM0UlM0MlMkZpJTNFJTNDYSUyMGhyZWYlM0QlMjJodHRwcyUzQSUyRiUyRnNrLmxpbmtlZGluLmNvbSUyRmluJTJGcmFzdGlzbGF2LWtlbGxlci01ODg4Nzc0JTIyJTNFTGlua2VkSW4lM0MlMkZhJTNFJTNDJTJGbGklM0UlMEElMDklM0MlMkZ1bCUzRSUwQSUzQyUyRmRpdiUzRQ==[\/vc_raw_html][\/vc_column_inner][\/vc_row_inner][vc_row_inner][vc_column_inner][vc_raw_html]JTNDc3BhbiUyMGNsYXNzJTNEJTIyY29sb3ItcHJpbWFyeSUyMGJsb2NrJTIyJTNFSlVEci4lMjBNYXJjZWwlMjBNJUMzJUExJUM0JThEYWklM0MlMkZzcGFuJTNF[\/vc_raw_html][\/vc_column_inner][\/vc_row_inner][vc_row_inner][vc_column_inner width=&#8220;1\/3&#8243; text_align=&#8220;left&#8220;][vc_raw_html]JTNDZGl2JTIwY2xhc3MlM0QlMjJwYWdlLWdldC1jb250YWN0JTIyJTNFJTBBJTA5JTNDdWwlM0UlMEElMDklMDklM0NsaSUzRSUzQ2klMjBjbGFzcyUzRCUyMmZhJTIwJTIwZmEtcGhvbmUlMjIlM0UlM0MlMkZpJTNFJTJCNDIxJTIwOTA0JTIwMjM3JTIwNDk5JTNDJTJGbGklM0UlMEElMDklM0MlMkZ1bCUzRSUwQSUzQyUyRmRpdiUzRSUwQQ==[\/vc_raw_html][\/vc_column_inner][vc_column_inner width=&#8220;1\/3&#8243;][vc_raw_html]JTNDZGl2JTIwY2xhc3MlM0QlMjJwYWdlLWdldC1jb250YWN0JTIyJTNFJTBBJTA5JTNDdWwlM0UlMEElMDklMDklM0NsaSUzRSUzQ2klMjBjbGFzcyUzRCUyMmZhJTIwJTIwJTIwZmEtZW52ZWxvcGUlMjIlM0UlM0MlMkZpJTNFJTNDYSUyMGhyZWYlM0QlMjJtYXJjZWwubWFjYWklNDBrcGwuc2slMjIlM0VtYXJjZWwubWFjYWklNDBrcGwuc2slM0MlMkZhJTNFJTNDJTJGbGklM0UlMEElMDklM0MlMkZ1bCUzRSUwQSUzQyUyRmRpdiUzRQ==[\/vc_raw_html][\/vc_column_inner][vc_column_inner width=&#8220;1\/3&#8243;][vc_raw_html]JTNDZGl2JTIwY2xhc3MlM0QlMjJwYWdlLWdldC1jb250YWN0JTIyJTNFJTBBJTA5JTNDdWwlM0UlMEElMDklMDklM0NsaSUzRSUzQ2klMjBjbGFzcyUzRCUyMmZhJTIwJTIwJTIwZmEtbGlua2VkaW4lMjIlM0UlM0MlMkZpJTNFJTNDYSUyMGhyZWYlM0QlMjJodHRwcyUzQSUyRiUyRnNrLmxpbmtlZGluLmNvbSUyRmluJTJGbWFyY2VsLW0lQzMlQTElQzQlOERhaS01MDA1OTcyNiUyMiUzRUxpbmtlZEluJTNDJTJGYSUzRSUzQyUyRmxpJTNFJTBBJTA5JTNDJTJGdWwlM0UlMEElM0MlMkZkaXYlM0U=[\/vc_raw_html][\/vc_column_inner][\/vc_row_inner][vc_row_inner][vc_column_inner][vc_raw_html]JTNDc3BhbiUyMGNsYXNzJTNEJTIyY29sb3ItcHJpbWFyeSUyMGJsb2NrJTIyJTNFTWdyLiUyMER1JUM1JUExYW4lMjBLcnVwYSUzQyUyRnNwYW4lM0U=[\/vc_raw_html][\/vc_column_inner][\/vc_row_inner][vc_row_inner][vc_column_inner width=&#8220;1\/3&#8243;][vc_raw_html]JTNDZGl2JTIwY2xhc3MlM0QlMjJwYWdlLWdldC1jb250YWN0JTIyJTNFJTBBJTA5JTNDdWwlM0UlMEElMDklMDklM0NsaSUzRSUzQ2klMjBjbGFzcyUzRCUyMmZhJTIwJTIwZmEtcGhvbmUlMjIlM0UlM0MlMkZpJTNFJTJCNDIxJTIwOTA3JTIwOTgyJTIwNzExJTNDJTJGbGklM0UlMEElMDklM0MlMkZ1bCUzRSUwQSUzQyUyRmRpdiUzRSUwQQ==[\/vc_raw_html][\/vc_column_inner][vc_column_inner width=&#8220;1\/3&#8243;][vc_raw_html]JTNDZGl2JTIwY2xhc3MlM0QlMjJwYWdlLWdldC1jb250YWN0JTIyJTNFJTBBJTA5JTNDdWwlM0UlMEElMDklMDklM0NsaSUzRSUzQ2klMjBjbGFzcyUzRCUyMmZhJTIwJTIwJTIwZmEtZW52ZWxvcGUlMjIlM0UlM0MlMkZpJTNFJTNDYSUyMGhyZWYlM0QlMjJtYWlsdG8lM0FkdXNhbi5rcnVwYSU0MGtwbC5zayUyMiUzRWR1c2FuLmtydXBhJTQwa3BsLnNrJTNDJTJGYSUzRSUzQyUyRmxpJTNFJTBBJTA5JTNDJTJGdWwlM0UlMEElM0MlMkZkaXYlM0U=[\/vc_raw_html][\/vc_column_inner][vc_column_inner width=&#8220;1\/3&#8243;][\/vc_column_inner][\/vc_row_inner][vc_empty_space height=&#8220;20px&#8220;][vc_row_inner][vc_column_inner][vc_raw_html]JTNDc3BhbiUyMGNsYXNzJTNEJTIyY29sb3ItcHJpbWFyeSUyMGJsb2NrJTIyJTNFQWRyZXNzZSUyMCUzQSUzQyUyRnNwYW4lM0U=[\/vc_raw_html][\/vc_column_inner][\/vc_row_inner][vc_column_text]<strong>KELLER &amp; Partners,\u00a0s.\u00a0r. o.<br \/>\n<\/strong><span class=\"ra\">Kuzm\u00e1nyho <\/span><span class=\"ra\">3<\/span>, 921 01 Pie\u0161\u0165any, Slowakische Republik<br \/>\n<strong><br \/>\nI\u010cO:<\/strong>\u00a047 235 217<br \/>\n<strong>I\u010c DPH:<\/strong>\u00a0SK2023315206<br \/>\n<strong>Der Eintrag im Handelsregister:<\/strong> Okresn\u00fd s\u00fad Trnava, Oddiel: Sro, Vlo\u017eka \u010d\u00edslo:\u00a0<span class=\"ra\">37760\/T<\/span><br \/>\n<strong>Bankers:<\/strong>\u00a0Slovensk\u00e1 sporite\u013e\u0148a, a.s., <span class=\"ra\">IBAN:\u00a0<\/span>SK49 0900 0000 0006 3570 7536[\/vc_column_text][vc_row_inner][vc_column_inner][vc_raw_html]JTNDZGl2JTIwY2xhc3MlM0QlMjJwYWdlLWdldC1jb250YWN0JTIyJTNFJTBBJTA5JTNDdWwlM0UlMEElMDklMDklM0NsaSUzRSUzQ2klMjBjbGFzcyUzRCUyMmZhJTIwZmEtbWFwLW1hcmtlciUyMiUzRSUzQyUyRmklM0UlM0NhJTIwaHJlZiUzRCUyMmh0dHBzJTNBJTJGJTJGZ29vLmdsJTJGbWFwcyUyRkZSNUNwR3VBRUpLMiUyMiUzRUFkcmVzc2UlMjBhdWYlMjBkZXIlMjBMYW5ka2FydGUlM0MlMkZhJTNFJTNDJTJGbGklM0UlMEElMDklM0MlMkZ1bCUzRSUwQSUzQyUyRmRpdiUzRQ==[\/vc_raw_html][\/vc_column_inner][\/vc_row_inner][\/vc_column][vc_column width=&#8220;1\/2&#8243;]<div role=\"form\" class=\"wpcf7\" id=\"wpcf7-f2244-o3\" lang=\"en-US\" dir=\"ltr\">\n<div class=\"screen-reader-response\"><p role=\"status\" aria-live=\"polite\" aria-atomic=\"true\"><\/p> <ul><\/ul><\/div>\n<form action=\"\/de\/wp-json\/wp\/v2\/pages\/215#wpcf7-f2244-o3\" method=\"post\" class=\"wpcf7-form init\" novalidate=\"novalidate\" data-status=\"init\">\n<div style=\"display: none;\">\n<input type=\"hidden\" name=\"_wpcf7\" value=\"2244\" \/>\n<input type=\"hidden\" name=\"_wpcf7_version\" value=\"5.4.1\" \/>\n<input type=\"hidden\" name=\"_wpcf7_locale\" value=\"en_US\" \/>\n<input type=\"hidden\" name=\"_wpcf7_unit_tag\" value=\"wpcf7-f2244-o3\" \/>\n<input type=\"hidden\" name=\"_wpcf7_container_post\" value=\"0\" \/>\n<input type=\"hidden\" name=\"_wpcf7_posted_data_hash\" value=\"\" \/>\n<\/div>\n<div class=\"row\">\n<div class=\"col-xs-12 col-sm-6 col-md-6 col-lg-6\">\n<div class=\"wpcf7-form-item\"><span class=\"wpcf7-form-control-wrap your-name\"><input type=\"text\" name=\"your-name\" value=\"\" size=\"40\" class=\"wpcf7-form-control wpcf7-text wpcf7-validates-as-required\" aria-required=\"true\" aria-invalid=\"false\" placeholder=\"IHR NAME\" \/><\/span><\/div>\n<\/div>\n<div class=\"col-xs-12 col-sm-6 col-md-6 col-lg-6\">\n<div class=\"wpcf7-form-item\"><span class=\"wpcf7-form-control-wrap your-email\"><input type=\"email\" name=\"your-email\" value=\"\" size=\"40\" class=\"wpcf7-form-control wpcf7-text wpcf7-email wpcf7-validates-as-required wpcf7-validates-as-email\" aria-required=\"true\" aria-invalid=\"false\" placeholder=\"E-MAIL\" \/><\/span><\/div>\n<\/div>\n<\/div>\n<div class=\"row\">\n<div class=\"col-xs-12 col-sm-12 col-md-12 col-lg-12\">\n<div class=\"wpcf7-form-item\"><span class=\"wpcf7-form-control-wrap your-subject\"><input type=\"text\" name=\"your-subject\" value=\"\" size=\"40\" class=\"wpcf7-form-control wpcf7-text wpcf7-validates-as-required\" aria-required=\"true\" aria-invalid=\"false\" placeholder=\"THEMA\" \/><\/span><\/div>\n<\/div>\n<\/div>\n<div class=\"row\">\n<div class=\"col-xs-12 col-sm-12 col-md-12 col-lg-12\">\n<div class=\"wpcf7-form-item\"><span class=\"wpcf7-form-control-wrap message\"><textarea name=\"message\" cols=\"40\" rows=\"10\" class=\"wpcf7-form-control wpcf7-textarea wpcf7-validates-as-required\" aria-required=\"true\" aria-invalid=\"false\" placeholder=\"NACHRICHT\"><\/textarea><\/span><\/div>\n<\/div>\n<\/div>\n<div class=\"row\" style=\"padding-top: 10px;\">\n<div class=\"col-xs-12 col-sm-12 col-md-12 col-lg-12\">\n             <input type=\"submit\" value=\"NACHRICHT SENDEN\" class=\"wpcf7-form-control wpcf7-submit btn btn-primary btn-lg\" \/>\n      <\/div>\n<\/div>\n<div class=\"wpcf7-response-output\" aria-hidden=\"true\"><\/div><\/form><\/div>[vc_empty_space height=&#8220;30px&#8220;][\/vc_column][\/vc_row][vc_row full_width=&#8220;stretch_row_content_no_spaces&#8220;][vc_column][vc_empty_space height=&#8220;60px&#8220;][vc_gmaps link=&#8220;#E-8_JTNDaWZyYW1lJTIwc3JjJTNEJTIyaHR0cHMlM0ElMkYlMkZ3d3cuZ29vZ2xlLmNvbSUyRm1hcHMlMkZlbWJlZCUzRnBiJTNEJTIxMW0xOCUyMTFtMTIlMjExbTMlMjExZDI2MzguNzUzOTY0ODMwNTEyJTIxMmQxNy44MzA3NjI3MTYwMjA4OTIlMjEzZDQ4LjU5NTQwOTU3OTI2MjY2NSUyMTJtMyUyMTFmMCUyMTJmMCUyMTNmMCUyMTNtMiUyMTFpMTAyNCUyMTJpNzY4JTIxNGYxMy4xJTIxM20zJTIxMW0yJTIxMXMweDQ3NmI1NDkwNTM5ZTYxYzMlMjUzQTB4YzcwNTFlNGU1NTkyOGJjNCUyMTJ6UzNWNmJjT2hibmxvYnlBeE1USTVMek1zSURreU1TQXdNU0JRYVdYRm9jV2xZVzU1JTIxNWUwJTIxM20yJTIxMXNzayUyMTJzc2slMjE0djE0OTQ0OTY2MDI1MzQlMjIlMjB3aWR0aCUzRCUyMjYwMCUyMiUyMGhlaWdodCUzRCUyMjQ1MCUyMiUyMGZyYW1lYm9yZGVyJTNEJTIyMCUyMiUyMHN0eWxlJTNEJTIyYm9yZGVyJTNBMCUyMiUyMGFsbG93ZnVsbHNjcmVlbiUzRSUzQyUyRmlmcmFtZSUzRQ==&#8220;][\/vc_column][\/vc_row]<\/p>\n<p><\/p>","protected":false},"excerpt":{"rendered":"<p>[vc_row][vc_column][cms_heading hd_subtitle=&#8220;Melden Sie sich uns&#8220; hd_title=&#8220;Kontakte&#8220; cms_template=&#8220;cms_heading.php&#8220;][vc_empty_space height=&#8220;43px&#8220;][\/vc_column][\/vc_row][vc_row][vc_column width=&#8220;1\/2&#8243;][vc_row_inner][vc_column_inner][vc_raw_html]JTNDc3BhbiUyMGNsYXNzJTNEJTIyY29sb3ItcHJpbWFyeSUyMGJsb2NrJTIyJTNFTWdyLiUyMEluZy4lMjBSYXN0aXNsYXYlMjBLZWxsZXIlM0MlMkZzcGFuJTNF[\/vc_raw_html][\/vc_column_inner][\/vc_row_inner][vc_row_inner][vc_column_inner width=&#8220;1\/3&#8243; text_align=&#8220;left&#8220;][vc_raw_html]JTNDZGl2JTIwY2xhc3MlM0QlMjJwYWdlLWdldC1jb250YWN0JTIyJTNFJTBBJTA5JTNDdWwlM0UlMEElMDklMDklM0NsaSUzRSUzQ2klMjBjbGFzcyUzRCUyMmZhJTIwJTIwZmEtcGhvbmUlMjIlM0UlM0MlMkZpJTNFJTJCNDIxJTIwOTA3JTIwNzQ1JTIwMDM4JTNDJTJGbGklM0UlMEElMDklM0MlMkZ1bCUzRSUwQSUzQyUyRmRpdiUzRSUwQQ==[\/vc_raw_html][\/vc_column_inner][vc_column_inner width=&#8220;1\/3&#8243;][vc_raw_html]JTNDZGl2JTIwY2xhc3MlM0QlMjJwYWdlLWdldC1jb250YWN0JTIyJTNFJTBBJTA5JTNDdWwlM0UlMEElMDklMDklM0NsaSUzRSUzQ2klMjBjbGFzcyUzRCUyMmZhJTIwJTIwJTIwZmEtZW52ZWxvcGUlMjIlM0UlM0MlMkZpJTNFJTNDYSUyMGhyZWYlM0QlMjJtYWlsdG8lM0FyYXN0aXNsYXYua2VsbGVyJTQwa3BsLnNrJTIyJTNFcmFzdGlzbGF2LmtlbGxlciU0MGtwbC5zayUzQyUyRmElM0UlM0MlMkZsaSUzRSUwQSUwOSUzQyUyRnVsJTNFJTBBJTNDJTJGZGl2JTNF[\/vc_raw_html][\/vc_column_inner][vc_column_inner width=&#8220;1\/3&#8243;][vc_raw_html]JTNDZGl2JTIwY2xhc3MlM0QlMjJwYWdlLWdldC1jb250YWN0JTIyJTNFJTBBJTA5JTNDdWwlM0UlMEElMDklMDklM0NsaSUzRSUzQ2klMjBjbGFzcyUzRCUyMmZhJTIwJTIwJTIwZmEtbGlua2VkaW4lMjIlM0UlM0MlMkZpJTNFJTNDYSUyMGhyZWYlM0QlMjJodHRwcyUzQSUyRiUyRnNrLmxpbmtlZGluLmNvbSUyRmluJTJGcmFzdGlzbGF2LWtlbGxlci01ODg4Nzc0JTIyJTNFTGlua2VkSW4lM0MlMkZhJTNFJTNDJTJGbGklM0UlMEElMDklM0MlMkZ1bCUzRSUwQSUzQyUyRmRpdiUzRQ==[\/vc_raw_html][\/vc_column_inner][\/vc_row_inner][vc_row_inner][vc_column_inner][vc_raw_html]JTNDc3BhbiUyMGNsYXNzJTNEJTIyY29sb3ItcHJpbWFyeSUyMGJsb2NrJTIyJTNFSlVEci4lMjBNYXJjZWwlMjBNJUMzJUExJUM0JThEYWklM0MlMkZzcGFuJTNF[\/vc_raw_html][\/vc_column_inner][\/vc_row_inner][vc_row_inner][vc_column_inner width=&#8220;1\/3&#8243; text_align=&#8220;left&#8220;][vc_raw_html]JTNDZGl2JTIwY2xhc3MlM0QlMjJwYWdlLWdldC1jb250YWN0JTIyJTNFJTBBJTA5JTNDdWwlM0UlMEElMDklMDklM0NsaSUzRSUzQ2klMjBjbGFzcyUzRCUyMmZhJTIwJTIwZmEtcGhvbmUlMjIlM0UlM0MlMkZpJTNFJTJCNDIxJTIwOTA0JTIwMjM3JTIwNDk5JTNDJTJGbGklM0UlMEElMDklM0MlMkZ1bCUzRSUwQSUzQyUyRmRpdiUzRSUwQQ==[\/vc_raw_html][\/vc_column_inner][vc_column_inner width=&#8220;1\/3&#8243;][vc_raw_html]JTNDZGl2JTIwY2xhc3MlM0QlMjJwYWdlLWdldC1jb250YWN0JTIyJTNFJTBBJTA5JTNDdWwlM0UlMEElMDklMDklM0NsaSUzRSUzQ2klMjBjbGFzcyUzRCUyMmZhJTIwJTIwJTIwZmEtZW52ZWxvcGUlMjIlM0UlM0MlMkZpJTNFJTNDYSUyMGhyZWYlM0QlMjJtYXJjZWwubWFjYWklNDBrcGwuc2slMjIlM0VtYXJjZWwubWFjYWklNDBrcGwuc2slM0MlMkZhJTNFJTNDJTJGbGklM0UlMEElMDklM0MlMkZ1bCUzRSUwQSUzQyUyRmRpdiUzRQ==[\/vc_raw_html][\/vc_column_inner][vc_column_inner width=&#8220;1\/3&#8243;][vc_raw_html]JTNDZGl2JTIwY2xhc3MlM0QlMjJwYWdlLWdldC1jb250YWN0JTIyJTNFJTBBJTA5JTNDdWwlM0UlMEElMDklMDklM0NsaSUzRSUzQ2klMjBjbGFzcyUzRCUyMmZhJTIwJTIwJTIwZmEtbGlua2VkaW4lMjIlM0UlM0MlMkZpJTNFJTNDYSUyMGhyZWYlM0QlMjJodHRwcyUzQSUyRiUyRnNrLmxpbmtlZGluLmNvbSUyRmluJTJGbWFyY2VsLW0lQzMlQTElQzQlOERhaS01MDA1OTcyNiUyMiUzRUxpbmtlZEluJTNDJTJGYSUzRSUzQyUyRmxpJTNFJTBBJTA5JTNDJTJGdWwlM0UlMEElM0MlMkZkaXYlM0U=[\/vc_raw_html][\/vc_column_inner][\/vc_row_inner][vc_row_inner][vc_column_inner][vc_raw_html]JTNDc3BhbiUyMGNsYXNzJTNEJTIyY29sb3ItcHJpbWFyeSUyMGJsb2NrJTIyJTNFTWdyLiUyMER1JUM1JUExYW4lMjBLcnVwYSUzQyUyRnNwYW4lM0U=[\/vc_raw_html][\/vc_column_inner][\/vc_row_inner][vc_row_inner][vc_column_inner width=&#8220;1\/3&#8243;][vc_raw_html]JTNDZGl2JTIwY2xhc3MlM0QlMjJwYWdlLWdldC1jb250YWN0JTIyJTNFJTBBJTA5JTNDdWwlM0UlMEElMDklMDklM0NsaSUzRSUzQ2klMjBjbGFzcyUzRCUyMmZhJTIwJTIwZmEtcGhvbmUlMjIlM0UlM0MlMkZpJTNFJTJCNDIxJTIwOTA3JTIwOTgyJTIwNzExJTNDJTJGbGklM0UlMEElMDklM0MlMkZ1bCUzRSUwQSUzQyUyRmRpdiUzRSUwQQ==[\/vc_raw_html][\/vc_column_inner][vc_column_inner width=&#8220;1\/3&#8243;][vc_raw_html]JTNDZGl2JTIwY2xhc3MlM0QlMjJwYWdlLWdldC1jb250YWN0JTIyJTNFJTBBJTA5JTNDdWwlM0UlMEElMDklMDklM0NsaSUzRSUzQ2klMjBjbGFzcyUzRCUyMmZhJTIwJTIwJTIwZmEtZW52ZWxvcGUlMjIlM0UlM0MlMkZpJTNFJTNDYSUyMGhyZWYlM0QlMjJtYWlsdG8lM0FkdXNhbi5rcnVwYSU0MGtwbC5zayUyMiUzRWR1c2FuLmtydXBhJTQwa3BsLnNrJTNDJTJGYSUzRSUzQyUyRmxpJTNFJTBBJTA5JTNDJTJGdWwlM0UlMEElM0MlMkZkaXYlM0U=[\/vc_raw_html][\/vc_column_inner][vc_column_inner width=&#8220;1\/3&#8243;][\/vc_column_inner][\/vc_row_inner][vc_empty_space height=&#8220;20px&#8220;][vc_row_inner][vc_column_inner][vc_raw_html]JTNDc3BhbiUyMGNsYXNzJTNEJTIyY29sb3ItcHJpbWFyeSUyMGJsb2NrJTIyJTNFQWRyZXNzZSUyMCUzQSUzQyUyRnNwYW4lM0U=[\/vc_raw_html][\/vc_column_inner][\/vc_row_inner][vc_column_text]KELLER &amp; Partners,\u00a0s.\u00a0r. o. Kuzm\u00e1nyho 3, 921 01 Pie\u0161\u0165any, Slowakische Republik I\u010cO:\u00a047 235 217 I\u010c DPH:\u00a0SK2023315206 Der Eintrag im Handelsregister: Okresn\u00fd s\u00fad Trnava, Oddiel: Sro, Vlo\u017eka \u010d\u00edslo:\u00a037760\/T Bankers:\u00a0Slovensk\u00e1 sporite\u013e\u0148a, a.s., IBAN:\u00a0SK49 0900 0000 0006 3570 [&hellip;]<\/p>\n","protected":false},"author":1,"featured_media":0,"parent":0,"menu_order":0,"comment_status":"closed","ping_status":"closed","template":"","meta":[],"yst_prominent_words":[],"_links":{"self":[{"href":"https:\/\/www.kpl.sk\/de\/wp-json\/wp\/v2\/pages\/215"}],"collection":[{"href":"https:\/\/www.kpl.sk\/de\/wp-json\/wp\/v2\/pages"}],"about":[{"href":"https:\/\/www.kpl.sk\/de\/wp-json\/wp\/v2\/types\/page"}],"author":[{"embeddable":true,"href":"https:\/\/www.kpl.sk\/de\/wp-json\/wp\/v2\/users\/1"}],"replies":[{"embeddable":true,"href":"https:\/\/www.kpl.sk\/de\/wp-json\/wp\/v2\/comments?post=215"}],"version-history":[{"count":77,"href":"https:\/\/www.kpl.sk\/de\/wp-json\/wp\/v2\/pages\/215\/revisions"}],"predecessor-version":[{"id":2312,"href":"https:\/\/www.kpl.sk\/de\/wp-json\/wp\/v2\/pages\/215\/revisions\/2312"}],"wp:attachment":[{"href":"https:\/\/www.kpl.sk\/de\/wp-json\/wp\/v2\/media?parent=215"}],"wp:term":[{"taxonomy":"yst_prominent_words","embeddable":true,"href":"https:\/\/www.kpl.sk\/de\/wp-json\/wp\/v2\/yst_prominent_words?post=215"}],"curies":[{"name":"wp","href":"https:\/\/api.w.org\/{rel}","templated":true}]}}