{"id":740,"date":"2015-10-09T08:06:20","date_gmt":"2015-10-09T08:06:20","guid":{"rendered":"http:\/\/tn.joomexp.com\/wordpress\/wp-trust\/?page_id=708"},"modified":"2017-10-29T19:53:03","modified_gmt":"2017-10-29T18:53:03","slug":"preco-s-nami","status":"publish","type":"page","link":"https:\/\/www.kpl.sk\/de\/preco-s-nami\/","title":{"rendered":"Warum mit uns"},"content":{"rendered":"<p>[vc_row][vc_column][vc_empty_space height=&#8220;15px&#8220;][vc_row_inner][vc_column_inner width=&#8220;1\/3&#8243;][cms_fancybox_single title_item=&#8220;Hohe Qualit\u00e4t von juristischen Dienstleistungen&#8220; button_type=&#8220;text&#8220; button_link=&#8220;&#8220; cms_fancybox_order_box=&#8220;1&#8243; description_item=&#8220;Die Wahl von KELLER\u00a0&amp;\u00a0Partners bedeutet f\u00fcr Sie die Zusammenarbeit mit einem Team von Top-Anw\u00e4lten, die ihre beruflichen Kenntnisse und Erfahrungen durch langfristige T\u00e4tigkeit in den f\u00fchrenden slowakischen und internationalen Kanzleien erworben haben. Sehr gute Kenntnisse des slowakischen rechtlichen und gesch\u00e4ftlichen Umfelds erm\u00f6glichen uns, optimale L\u00f6sungen f\u00fcr spezifische rechtliche Probleme zu finden, mit denen sich unsere Klienten an uns wenden. Bei der Bereitstellung von juristischen Dienstleistungen ber\u00fccksichtigen wir wirtschaftliche, finanzielle und steuerliche Aspekte, in komplexeren F\u00e4llen suchen wir nach geeigneten L\u00f6sungen mit den f\u00fchrenden Experten auf dem gegebenen Gebiet. All das macht uns zu einem starken und zuverl\u00e4ssigen Partner in den komplexesten Projekten und Transaktionen.&#8220; cms_template=&#8220;cms_fancybox_single.php&#8220;][\/vc_column_inner][vc_column_inner width=&#8220;1\/3&#8243;][cms_fancybox_single title_item=&#8220;Offener Zugang&#8220; button_type=&#8220;text&#8220; button_link=&#8220;&#8220; cms_fancybox_order_box=&#8220;2&#8243; description_item=&#8220;Wir legen besonderen Wert auf schnellen und pers\u00f6nlichen Zugang zum Klienten. Wir bem\u00fchen uns, die Bed\u00fcrfnisse des Klienten, sein Gesch\u00e4ft und die Branche, in der er t\u00e4tig ist, zu verstehen. Wir machen die Klienten im Detail vertraut mit der rechtlichen Situation in einem konkreten Fall vom Anfang an, damit Sie \u00fcber gen\u00fcgend Information verf\u00fcgen, um eine verantwortungsvolle Entscheidung \u00fcber eine bestimmte rechtliche L\u00f6sung oder Verfahren zu treffen. Wir glauben, dass die Grundlage f\u00fcr eine gute Beziehung von Anwalt und Mandant gegenseitiges Vertrauen ist. Wir glauben, dass Vertrauen nur auf der Grundlage des offenen Dialogs und Transparenz aufgebaut werden kann. Diese \u00dcberzeugung spiegelt sich in der Kommunikation zwischen uns und den Klienten w\u00e4hrend der Kooperation wider, sowie in den Diskussionen \u00fcber das Beratungshonorar.&#8220; cms_template=&#8220;cms_fancybox_single.php&#8220;][\/vc_column_inner][vc_column_inner width=&#8220;1\/3&#8243;][cms_fancybox_single title_item=&#8220;Experten-Netzwerk&#8220; button_type=&#8220;text&#8220; button_link=&#8220;&#8220; cms_fancybox_order_box=&#8220;3&#8243; description_item=&#8220;Wir arbeiten mit in- und ausl\u00e4ndischen Partnern sowohl aus den Reihen von Gutachtern, Wirtschaftspr\u00fcfern, Steuerberatern, Rechtsanw\u00e4lten, Notaren, Gerichtsvollziehern und Landvermessern, als auch Sachverst\u00e4ndigen auf dem Gebiet der Gesundheit und Sicherheit am Arbeitsplatz und Brandschutz zusammen. Wir glauben, dass wir auf diese Weise nicht nur die hohe Qualit\u00e4t der Beratung f\u00fcr die Klienten, sondern auch die Wirtschaftlichkeit unserer Leistungen und das Tempo mit st\u00e4ndig steigenden Kundenanforderungen f\u00fcr umfassende L\u00f6sungen f\u00fcr ihre Projekte und Pl\u00e4ne halten k\u00f6nnen.&#8220; cms_template=&#8220;cms_fancybox_single.php&#8220;][\/vc_column_inner][\/vc_row_inner][vc_empty_space height=&#8220;40px&#8220;][vc_row_inner][vc_column_inner width=&#8220;1\/3&#8243;][cms_fancybox_single title_item=&#8220;Grenz\u00fcberschreitende Reichweite&#8220; button_type=&#8220;text&#8220; button_link=&#8220;&#8220; cms_fancybox_order_box=&#8220;4&#8243; description_item=&#8220;Wir bieten juristische Dienstleistungen in Slowakisch, Deutsch und Englisch. Dank der langfristigen Pr\u00e4senz der Rechtsanw\u00e4lte KELLER\u00a0&amp;\u00a0Partners im Bereich der multinationalen Unternehmen sind wir bereit, Sie mit erstklassigen juristischen Dienstleistungen auch grenz\u00fcberschreitend zu versorgen.&#8220; cms_template=&#8220;cms_fancybox_single.php&#8220;][\/vc_column_inner][vc_column_inner width=&#8220;1\/3&#8243;][cms_fancybox_single title_item=&#8220;Verantwortung&#8220; button_type=&#8220;text&#8220; button_link=&#8220;&#8220; cms_fancybox_order_box=&#8220;5&#8243; description_item=&#8220;F\u00fcr unsere Arbeit tragen wir die volle Verantwortung. KELLER\u00a0&amp;\u00a0Partners hat bei der Aus\u00fcbung ihrer Aktivit\u00e4ten Versicherungsschutz bis zu 1,5 Millionen Euro pro Versicherungsfall abgeschlossen.&#8220; cms_template=&#8220;cms_fancybox_single.php&#8220;][\/vc_column_inner][vc_column_inner width=&#8220;1\/3&#8243;][cms_fancybox_single title_item=&#8220;Erfahrung&#8220; button_type=&#8220;text&#8220; button_link=&#8220;http:\/\/www.kpl.sk\/referencie\/&#8220; button_text=&#8220;Referenzen&#8220; cms_fancybox_order_box=&#8220;6&#8243; description_item=&#8220;Aufbauend auf den Erfahrungen die wir w\u00e4hrend der arbeit mit vielen slowakischen und ausl\u00e4ndischen Kunden gesamelt haben.&#8220; cms_template=&#8220;cms_fancybox_single.php&#8220;][\/vc_column_inner][\/vc_row_inner][vc_empty_space height=&#8220;84px&#8220;][\/vc_column][\/vc_row]<\/p>","protected":false},"excerpt":{"rendered":"<p>[vc_row][vc_column][vc_empty_space height=&#8220;15px&#8220;][vc_row_inner][vc_column_inner width=&#8220;1\/3&#8243;][cms_fancybox_single title_item=&#8220;Hohe Qualit\u00e4t von juristischen Dienstleistungen&#8220; button_type=&#8220;text&#8220; button_link=&#8220;&#8220; cms_fancybox_order_box=&#8220;1&#8243; description_item=&#8220;Die Wahl von KELLER\u00a0&amp;\u00a0Partners bedeutet f\u00fcr Sie die Zusammenarbeit mit einem Team von Top-Anw\u00e4lten, die ihre beruflichen Kenntnisse und Erfahrungen durch langfristige T\u00e4tigkeit in den f\u00fchrenden slowakischen und internationalen Kanzleien erworben haben. Sehr gute Kenntnisse des slowakischen rechtlichen und gesch\u00e4ftlichen Umfelds erm\u00f6glichen uns, optimale [&hellip;]<\/p>\n","protected":false},"author":1,"featured_media":0,"parent":0,"menu_order":0,"comment_status":"closed","ping_status":"closed","template":"","meta":[],"yst_prominent_words":[],"_links":{"self":[{"href":"https:\/\/www.kpl.sk\/de\/wp-json\/wp\/v2\/pages\/740"}],"collection":[{"href":"https:\/\/www.kpl.sk\/de\/wp-json\/wp\/v2\/pages"}],"about":[{"href":"https:\/\/www.kpl.sk\/de\/wp-json\/wp\/v2\/types\/page"}],"author":[{"embeddable":true,"href":"https:\/\/www.kpl.sk\/de\/wp-json\/wp\/v2\/users\/1"}],"replies":[{"embeddable":true,"href":"https:\/\/www.kpl.sk\/de\/wp-json\/wp\/v2\/comments?post=740"}],"version-history":[{"count":27,"href":"https:\/\/www.kpl.sk\/de\/wp-json\/wp\/v2\/pages\/740\/revisions"}],"predecessor-version":[{"id":2234,"href":"https:\/\/www.kpl.sk\/de\/wp-json\/wp\/v2\/pages\/740\/revisions\/2234"}],"wp:attachment":[{"href":"https:\/\/www.kpl.sk\/de\/wp-json\/wp\/v2\/media?parent=740"}],"wp:term":[{"taxonomy":"yst_prominent_words","embeddable":true,"href":"https:\/\/www.kpl.sk\/de\/wp-json\/wp\/v2\/yst_prominent_words?post=740"}],"curies":[{"name":"wp","href":"https:\/\/api.w.org\/{rel}","templated":true}]}}