{"id":865,"date":"2015-10-23T16:23:24","date_gmt":"2015-10-23T16:23:24","guid":{"rendered":"http:\/\/tn.joomexp.com\/wordpress\/wp-trust\/?page_id=865"},"modified":"2018-02-02T13:13:08","modified_gmt":"2018-02-02T12:13:08","slug":"advokatska-kancelaria","status":"publish","type":"page","link":"https:\/\/www.kpl.sk\/de\/","title":{"rendered":"\u00davod"},"content":{"rendered":"<p>[vc_row][vc_column][rev_slider_vc alias=&#8220;slider-home-de&#8220;][\/vc_column][\/vc_row][vc_row background_gradient_color=&#8220;&#8220;][vc_column animation=&#8220;rda_fadeIn&#8220;][cms_cta cta_text=&#8220;Wir sind eine Boutique Anwaltskanzlei. Wir bieten unseren Klienten juristische Dienstleistungen auf dem der f\u00fchrenden Anwaltskanzleien in der Slowakei entsprechenden Qualit\u00e4tsniveau und unter g\u00fcnstigen finanziellen Bedingungen.&#8220; button_text=&#8220;Bitte kontaktieren Sie uns&#8220; link_button=&#8220;http:\/\/www.kpl.sk\/kontakt\/&#8220; button_size=&#8220;btn-xs&#8220;][vc_empty_space height=&#8220;90px&#8220;][\/vc_column][\/vc_row][vc_row][vc_column animation=&#8220;rda_fadeInUp&#8220; text_align=&#8220;center&#8220;][cms_grid layout=&#8220;masonry&#8220; col_xs=&#8220;1&#8243; col_sm=&#8220;2&#8243; col_md=&#8220;3&#8243; col_lg=&#8220;4&#8243; filter=&#8220;false&#8220; source=&#8220;size:4|order_by:date|order:ASC|post_type:practice&#8220; cms_template=&#8220;cms_grid&#8211;layout-practice5.php&#8220;][cms_button button_text=&#8220;Andere Dienstleistungen&#8220; link_button=&#8220;http:\/\/www.kpl.sk\/sluzby\/&#8220; button_style=&#8220;btn-secondary&#8220;][vc_empty_space height=&#8220;36px&#8220;][\/vc_column][\/vc_row][vc_row full_width=&#8220;stretch_row&#8220; css=&#8220;.vc_custom_1443666613799{background-color: #f9f9f9 !important;}&#8220;][vc_column][vc_empty_space height=&#8220;85px&#8220;][cms_heading hd_subtitle=&#8220;\u00dcber uns&#8220; hd_title=&#8220;Keller &amp; Partners&#8220; custom_class=&#8220;rda_fadeIn&#8220; cms_template=&#8220;cms_heading.php&#8220;][vc_empty_space height=&#8220;33px&#8220;][vc_row_inner custom_responsive=&#8220;small-1-column&#8220;][vc_column_inner width=&#8220;1\/3&#8243; animation=&#8220;rda_fadeInLeft&#8220; text_align_responsive=&#8220;rp-center&#8220;][vc_single_image image=&#8220;1562&#8243; img_size=&#8220;full&#8220;][\/vc_column_inner][vc_column_inner width=&#8220;2\/3&#8243; animation=&#8220;rda_fadeInUp&#8220;][vc_column_text]<\/p>\n<p style=\"font-family: Raleway; font-size: 16px; font-style: italic; line-height: 27.5px;\">Die Anwaltskanzlei KELLER &amp;\u00a0Partners, s.\u00a0r.\u00a0o. wurde in 2011 durch ein Team von Anw\u00e4lten mit langj\u00e4hriger Erfahrung aus den f\u00fchrenden slowakischen und internationalen Kanzleien gegr\u00fcndet, mit dem klaren Anspruch, ein verl\u00e4sslicher Partner bei der Durchsetzung von Interessen von Klienten zu sein.<\/p>\n<p style=\"font-family: Raleway; font-size: 16px; font-style: italic; line-height: 27.5px;\">Wir bieten unseren Kunden eine umfassende rechtliche Beratung in allen Bereichen ihres beruflichen und privaten Lebens. Die Kenntnis des slowakischen rechtlichen und gesch\u00e4ftlichen Umfelds, Erudition und langj\u00e4hrige Erfahrung gewonnen durch Arbeit f\u00fcr in- und ausl\u00e4ndische Klienten in einer Vielzahl von verschiedenen Projekten und Aktivit\u00e4ten macht aus uns Rechtsanw\u00e4lte, auf die Sie sich auch bei den anspruchsvollsten Rechtsfragen verlassen k\u00f6nnen.<\/p>\n<p style=\"font-family: Raleway; font-size: 22px; font-style: italic; line-height: 33.5px;\">R. Keller<\/p>\n<p>[\/vc_column_text][vc_empty_space height=&#8220;30px&#8220;][\/vc_column_inner][\/vc_row_inner][vc_empty_space height=&#8220;60px&#8220;][\/vc_column][\/vc_row][vc_row css=&#8220;.vc_custom_1445918343844{padding-top: 56px !important;padding-bottom: 90px !important;}&#8220;][vc_column width=&#8220;1\/2&#8243; animation=&#8220;rda_fadeIn&#8220;][vc_empty_space height=&#8220;30px&#8220;][cms_heading hd_subtitle=&#8220;Zusammenarbeit&#8220; hd_title=&#8220;Warum mit uns ?&#8220; cms_template=&#8220;cms_heading.php&#8220;][vc_empty_space height=&#8220;22px&#8220;][vc_tta_accordion][vc_tta_section i_icon_fontawesome=&#8220;fa fa-bookmark&#8220; title=&#8220;Hohe Qualit\u00e4t von juristischen Dienstleistungen&#8220; tab_id=&#8220;1443716133047-c2ed7274-3e82&#8243; add_icon=&#8220;true&#8220;][vc_raw_html]JTNDZGl2JTIwY2xhc3MlM0QlMjJtZWRpYSUyMiUzRSUwQSUwOSUzQ2RpdiUyMGNsYXNzJTNEJTIybWVkaWEtbGVmdCUyMiUzRSUwQSUwOSUwOSUzQ2ltZyUyMHNyYyUzRCUyMmh0dHAlM0ElMkYlMkZ3d3cua3BsLnNrJTJGd3AtY29udGVudCUyRnVwbG9hZHMlMkYyMDE2JTJGMTElMkZrcGwtaW1hZ2UtcHJlY29uYXMtMS5qcGclMjIlMjBhbHQlM0QlMjJpbWFnZS1hY2NvcmRpb24xJTIyJTIwd2lkdGglM0QlMjIxMjAlMjIlMjBoZWlnaHQlM0QlMjIxMjAlMjIlMjBjbGFzcyUzRCUyMmFsaWdubm9uZSUyMHNpemUtZnVsbCUyMHdwLWltYWdlLTMzMCUyMiUyMCUyRiUzRSUwQSUwOSUzQyUyRmRpdiUzRSUwQSUwOSUzQ2RpdiUyMGNsYXNzJTNEJTIybWVkaWEtYm9keSUyMiUzRSUwQSUwOSUwOURpZSUyMFdhaGwlMjB2b24lMjBLRUxMRVIlQzIlQTAlMjYlQzIlQTBQYXJ0bmVycyUyMGJlZGV1dGV0JTIwZiVDMyVCQ3IlMjBTaWUlMjBkaWUlMjBadXNhbW1lbmFyYmVpdCUyMG1pdCUyMGVpbmVtJTIwVGVhbSUyMHZvbiUyMFRvcC1BbnclQzMlQTRsdGVuJTJDJTIwZGllJTIwaWhyZSUyMGJlcnVmbGljaGVuJTIwS2VubnRuaXNzZSUyMHVuZCUyMEVyZmFocnVuZ2VuJTIwZHVyY2glMjBsYW5nZnJpc3RpZ2UlMjBUJUMzJUE0dGlna2VpdCUyMGluJTIwZGVuJTIwZiVDMyVCQ2hyZW5kZW4lMjBzbG93YWtpc2NoZW4lMjB1bmQlMjBpbnRlcm5hdGlvbmFsZW4lMjBLYW56bGVpZW4lMjBlcndvcmJlbiUyMGhhYmVuLiUwQSUwOSUwOSUzQ2ElMjBjbGFzcyUzRCUyMm1vcmUlMjIlMjBocmVmJTNEJTIyaHR0cCUzQSUyRiUyRnd3dy5rcGwuc2slMkZwcmVjby1zLW5hbWklMkYlMjIlM0VXZWl0ZXJlJTIwSW5mb3JtYXRpb25lbiUzQ2klMjBjbGFzcyUzRCUyMmZhJTIwZmEtbG9uZy1hcnJvdy1yaWdodCUyMiUzRSUzQyUyRmklM0UlM0MlMkZhJTNFJTBBJTA5JTNDJTJGZGl2JTNFJTBBJTNDJTJGZGl2JTNF[\/vc_raw_html][\/vc_tta_section][vc_tta_section i_icon_fontawesome=&#8220;fa fa-book&#8220; title=&#8220;Offener Zugang&#8220; tab_id=&#8220;1443716646018-56429b71-08c3&#8243; add_icon=&#8220;true&#8220;][vc_raw_html]JTNDZGl2JTIwY2xhc3MlM0QlMjJtZWRpYSUyMiUzRSUwQSUwOSUzQ2RpdiUyMGNsYXNzJTNEJTIybWVkaWEtbGVmdCUyMiUzRSUwQSUwOSUwOSUzQ2ltZyUyMHNyYyUzRCUyMmh0dHAlM0ElMkYlMkZ3d3cua3BsLnNrJTJGd3AtY29udGVudCUyRnVwbG9hZHMlMkYyMDE2JTJGMTElMkZrcGwtaW1hZ2UtcHJlY29uYXMtMi5qcGclMjIlMjBhbHQlM0QlMjJpbWFnZS1hY2NvcmRpb24xJTIyJTIwd2lkdGglM0QlMjIxMjAlMjIlMjBoZWlnaHQlM0QlMjIxMjAlMjIlMjBjbGFzcyUzRCUyMmFsaWdubm9uZSUyMHNpemUtZnVsbCUyMHdwLWltYWdlLTMzMCUyMiUyMCUyRiUzRSUwQSUwOSUzQyUyRmRpdiUzRSUwQSUwOSUzQ2RpdiUyMGNsYXNzJTNEJTIybWVkaWEtYm9keSUyMiUzRSUwQSUwOSUwOVdpciUyMGxlZ2VuJTIwYmVzb25kZXJlbiUyMFdlcnQlMjBhdWYlMjBzY2huZWxsZW4lMjB1bmQlMjBwZXJzJUMzJUI2bmxpY2hlbiUyMFp1Z2FuZyUyMHp1bSUyMEtsaWVudGVuLiUyMFdpciUyMGJlbSVDMyVCQ2hlbiUyMHVucyUyQyUyMGRpZSUyMEJlZCVDMyVCQ3Jmbmlzc2UlMjBkZXMlMjBLbGllbnRlbiUyQyUyMHNlaW4lMjBHZXNjaCVDMyVBNGZ0JTIwdW5kJTIwZGllJTIwQnJhbmNoZSUyQyUyMGluJTIwZGVyJTIwZXIlMjB0JUMzJUE0dGlnJTIwaXN0JTJDJTIwenUlMjB2ZXJzdGVoZW4uJTIwV2lyJTIwbWFjaGVuJTIwZGllJTIwS2xpZW50ZW4lMjBpbSUyMERldGFpbCUyMHZlcnRyYXV0JTIwbWl0JTIwZGVyJTIwcmVjaHRsaWNoZW4lMjBTaXR1YXRpb24lMjBpbiUyMGVpbmVtJTIwa29ua3JldGVuJTIwRmFsbCUyMHZvbSUyMEFuZmFuZyUyMGFuLi4uJTBBJTA5JTA5JTNDYSUyMGNsYXNzJTNEJTIybW9yZSUyMiUyMGhyZWYlM0QlMjJodHRwJTNBJTJGJTJGd3d3LmtwbC5zayUyRnByZWNvLXMtbmFtaSUyRiUyMiUzRVdlaXRlcmUlMjBJbmZvcm1hdGlvbmVuJTNDaSUyMGNsYXNzJTNEJTIyZmElMjBmYS1sb25nLWFycm93LXJpZ2h0JTIyJTNFJTNDJTJGaSUzRSUzQyUyRmElM0UlMEElMDklM0MlMkZkaXYlM0UlMEElM0MlMkZkaXYlM0U=[\/vc_raw_html][\/vc_tta_section][vc_tta_section i_icon_fontawesome=&#8220;fa fa-graduation-cap&#8220; title=&#8220;Experten-Netzwerk&#8220; tab_id=&#8220;1443716683679-de4d91ca-6090&#8243; add_icon=&#8220;true&#8220;][vc_raw_html]JTNDZGl2JTIwY2xhc3MlM0QlMjJtZWRpYSUyMiUzRSUwQSUwOSUzQ2RpdiUyMGNsYXNzJTNEJTIybWVkaWEtbGVmdCUyMiUzRSUwQSUwOSUwOSUzQ2ltZyUyMHNyYyUzRCUyMmh0dHAlM0ElMkYlMkZ3d3cua3BsLnNrJTJGd3AtY29udGVudCUyRnVwbG9hZHMlMkYyMDE2JTJGMTElMkZrcGwtaW1hZ2UtcHJlY29uYXMtMy5qcGclMjIlMjBhbHQlM0QlMjJpbWFnZS1hY2NvcmRpb24xJTIyJTIwd2lkdGglM0QlMjIxMjAlMjIlMjBoZWlnaHQlM0QlMjIxMjAlMjIlMjBjbGFzcyUzRCUyMmFsaWdubm9uZSUyMHNpemUtZnVsbCUyMHdwLWltYWdlLTMzMCUyMiUyMCUyRiUzRSUwQSUwOSUzQyUyRmRpdiUzRSUwQSUwOSUzQ2RpdiUyMGNsYXNzJTNEJTIybWVkaWEtYm9keSUyMiUzRSUwQSUwOSUwOVdpciUyMGFyYmVpdGVuJTIwbWl0JTIwaW4tJTIwdW5kJTIwYXVzbCVDMyVBNG5kaXNjaGVuJTIwUGFydG5lcm4lMjBzb3dvaGwlMjBhdXMlMjBkZW4lMjBSZWloZW4lMjB2b24lMjBHdXRhY2h0ZXJuJTJDJTIwV2lydHNjaGFmdHNwciVDMyVCQ2Zlcm4lMkMlMjBTdGV1ZXJiZXJhdGVybiUyQyUyMFJlY2h0c2FudyVDMyVBNGx0ZW4lMkMlMjBOb3RhcmVuJTJDJTIwR2VyaWNodHN2b2xsemllaGVybiUyMHVuZCUyMExhbmR2ZXJtZXNzZXJuJTJDJTIwYWxzJTIwYXVjaCUyMFNhY2h2ZXJzdCVDMyVBNG5kaWdlbiUyMGF1ZiUyMGRlbSUyMEdlYmlldCUyMGRlciUyMEdlc3VuZGhlaXQlMjB1bmQlMjBTaWNoZXJoZWl0JTIwYW0lMjBBcmJlaXRzcGxhdHolMjB1bmQlMjBCcmFuZHNjaHV0eiUyMHp1c2FtbWVuLiUyMCUwQSUwOSUwOSUzQ2ElMjBjbGFzcyUzRCUyMm1vcmUlMjIlMjBocmVmJTNEJTIyaHR0cCUzQSUyRiUyRnd3dy5rcGwuc2slMkZwcmVjby1zLW5hbWklMkYlMjIlM0VXZWl0ZXJlJTIwSW5mb3JtYXRpb25lbiUzQ2klMjBjbGFzcyUzRCUyMmZhJTIwZmEtbG9uZy1hcnJvdy1yaWdodCUyMiUzRSUzQyUyRmklM0UlM0MlMkZhJTNFJTBBJTA5JTNDJTJGZGl2JTNFJTBBJTNDJTJGZGl2JTNF[\/vc_raw_html][\/vc_tta_section][vc_tta_section title=&#8220;Grenz\u00fcberschreitende Reichweite&#8220; tab_id=&#8220;1476706649906-0e8f145e-2af2&#8243; add_icon=&#8220;true&#8220;][vc_raw_html]JTNDZGl2JTIwY2xhc3MlM0QlMjJtZWRpYSUyMiUzRSUwQSUwOSUzQ2RpdiUyMGNsYXNzJTNEJTIybWVkaWEtbGVmdCUyMiUzRSUwQSUwOSUwOSUzQ2ltZyUyMHNyYyUzRCUyMmh0dHAlM0ElMkYlMkZ3d3cua3BsLnNrJTJGd3AtY29udGVudCUyRnVwbG9hZHMlMkYyMDE2JTJGMTElMkZrcGwtaW1hZ2UtcHJlY29uYXMtNC5qcGclMjIlMjBhbHQlM0QlMjJpbWFnZS1hY2NvcmRpb24xJTIyJTIwd2lkdGglM0QlMjIxMjAlMjIlMjBoZWlnaHQlM0QlMjIxMjAlMjIlMjBjbGFzcyUzRCUyMmFsaWdubm9uZSUyMHNpemUtZnVsbCUyMHdwLWltYWdlLTMzMCUyMiUyMCUyRiUzRSUwQSUwOSUzQyUyRmRpdiUzRSUwQSUwOSUzQ2RpdiUyMGNsYXNzJTNEJTIybWVkaWEtYm9keSUyMiUzRSUwQSUwOSUwOVdpciUyMGJpZXRlbiUyMGp1cmlzdGlzY2hlJTIwRGllbnN0bGVpc3R1bmdlbiUyMGluJTIwU2xvd2FraXNjaCUyQyUyMERldXRzY2glMjB1bmQlMjBFbmdsaXNjaC4lMjBEYW5rJTIwZGVyJTIwbGFuZ2ZyaXN0aWdlbiUyMFByJUMzJUE0c2VueiUyMGRlciUyMFJlY2h0c2FudyVDMyVBNGx0ZSUyMEtFTExFUiVDMiVBMCUyNiVDMiVBMFBhcnRuZXJzJTIwaW0lMjBCZXJlaWNoJTIwZGVyJTIwbXVsdGluYXRpb25hbGVuJTIwVW50ZXJuZWhtZW4lMjBzaW5kJTIwd2lyJTIwYmVyZWl0JTJDJTIwU2llJTIwbWl0JTIwZXJzdGtsYXNzaWdlbiUyMGp1cmlzdGlzY2hlbiUyMERpZW5zdGxlaXN0dW5nZW4lMjBhdWNoJTIwZ3JlbnolQzMlQkNiZXJzY2hyZWl0ZW5kJTIwenUlMjB2ZXJzb3JnZW4uJTBBJTA5JTA5JTNDYSUyMGNsYXNzJTNEJTIybW9yZSUyMiUyMGhyZWYlM0QlMjJodHRwJTNBJTJGJTJGd3d3LmtwbC5zayUyRnByZWNvLXMtbmFtaSUyRiUyMiUzRVdlaXRlcmUlMjBJbmZvcm1hdGlvbmVuJTNDaSUyMGNsYXNzJTNEJTIyZmElMjBmYS1sb25nLWFycm93LXJpZ2h0JTIyJTNFJTNDJTJGaSUzRSUzQyUyRmElM0UlMEElMDklM0MlMkZkaXYlM0UlMEElM0MlMkZkaXYlM0U=[\/vc_raw_html][\/vc_tta_section][vc_tta_section i_icon_fontawesome=&#8220;fa fa-briefcase&#8220; title=&#8220;Verantwortung&#8220; tab_id=&#8220;1443716664877-36e6c11a-9845&#8243; add_icon=&#8220;true&#8220;][vc_raw_html]JTNDZGl2JTIwY2xhc3MlM0QlMjJtZWRpYSUyMiUzRSUwQSUwOSUzQ2RpdiUyMGNsYXNzJTNEJTIybWVkaWEtbGVmdCUyMiUzRSUwQSUwOSUwOSUzQ2ltZyUyMHNyYyUzRCUyMmh0dHAlM0ElMkYlMkZ3d3cua3BsLnNrJTJGd3AtY29udGVudCUyRnVwbG9hZHMlMkYyMDE2JTJGMTElMkZrcGwtaW1hZ2UtcHJlY29uYXMtNS5qcGclMjIlMjBhbHQlM0QlMjJpbWFnZS1hY2NvcmRpb24xJTIyJTIwd2lkdGglM0QlMjIxMjAlMjIlMjBoZWlnaHQlM0QlMjIxMjAlMjIlMjBjbGFzcyUzRCUyMmFsaWdubm9uZSUyMHNpemUtZnVsbCUyMHdwLWltYWdlLTMzMCUyMiUyMCUyRiUzRSUwQSUwOSUzQyUyRmRpdiUzRSUwQSUwOSUzQ2RpdiUyMGNsYXNzJTNEJTIybWVkaWEtYm9keSUyMiUzRSUwQSUwOSUwOUYlQzMlQkNyJTIwdW5zZXJlJTIwQXJiZWl0JTIwdHJhZ2VuJTIwd2lyJTIwZGllJTIwdm9sbGUlMjBWZXJhbnR3b3J0dW5nLiUyMEtFTExFUiVDMiVBMCUyNiVDMiVBMFBhcnRuZXJzJTIwaGF0JTIwYmVpJTIwZGVyJTIwQXVzJUMzJUJDYnVuZyUyMGlocmVyJTIwQWt0aXZpdCVDMyVBNHRlbiUyMFZlcnNpY2hlcnVuZ3NzY2h1dHolMjBiaXMlMjB6dSUyMDElMkM1JTIwTWlsbGlvbmVuJTIwRXVybyUyMHBybyUyMFZlcnNpY2hlcnVuZ3NmYWxsJTIwYWJnZXNjaGxvc3Nlbi4lMEElMDklMDklM0NhJTIwY2xhc3MlM0QlMjJtb3JlJTIyJTIwaHJlZiUzRCUyMmh0dHAlM0ElMkYlMkZ3d3cua3BsLnNrJTJGcHJlY28tcy1uYW1pJTJGJTIyJTNFV2VpdGVyZSUyMEluZm9ybWF0aW9uZW4lM0NpJTIwY2xhc3MlM0QlMjJmYSUyMGZhLWxvbmctYXJyb3ctcmlnaHQlMjIlM0UlM0MlMkZpJTNFJTNDJTJGYSUzRSUwQSUwOSUzQyUyRmRpdiUzRSUwQSUzQyUyRmRpdiUzRQ==[\/vc_raw_html][\/vc_tta_section][\/vc_tta_accordion][\/vc_column][vc_column width=&#8220;1\/2&#8243; animation=&#8220;rda_fadeIn&#8220;][vc_empty_space height=&#8220;30px&#8220;][cms_heading hd_subtitle=&#8220;Was gibt es neues?&#8220; hd_title=&#8220;Aktualit\u00e4ten&#8220; cms_template=&#8220;cms_heading.php&#8220;][vc_empty_space height=&#8220;22px&#8220;][cms_grid col_xs=&#8220;1&#8243; col_sm=&#8220;2&#8243; col_md=&#8220;2&#8243; col_lg=&#8220;2&#8243; source=&#8220;size:2|order_by:date|order:DESC|post_type:post|categories:9&#8243; cms_template=&#8220;cms_grid&#8211;layout-blog1.php&#8220;][cms_grid col_xs=&#8220;1&#8243; col_sm=&#8220;2&#8243; col_md=&#8220;2&#8243; col_lg=&#8220;2&#8243; source=&#8220;size:2|order_by:date|order:DESC|post_type:post|categories:49&#8243; cms_template=&#8220;cms_grid&#8211;layout-blog1.php&#8220;][\/vc_column][\/vc_row][vc_row][vc_column][vc_empty_space height=&#8220;26px&#8220;][cms_heading hd_subtitle=&#8220;Kunden vertrauen uns&#8220; hd_title=&#8220;Unsere Referenzen&#8220; hd_description=&#8220;KELLER &amp; Partners hat seit ihrer Gr\u00fcndung eine Reihe von in- und ausl\u00e4ndischen Klienten beraten. Wir sind stolz darauf, dass uns auch folgende Klienten vertraut haben:&#8220; custom_class=&#8220;rda_fadeIn&#8220; cms_template=&#8220;cms_heading.php&#8220;][vc_empty_space height=&#8220;42px&#8220;][cms_carousel xsmall_items=&#8220;3&#8243; small_items=&#8220;3&#8243; medium_items=&#8220;4&#8243; large_items=&#8220;6&#8243; margin=&#8220;0&#8243; dots=&#8220;false&#8220; autoplaytimeout=&#8220;3000&#8243; l_icon_fontawesome=&#8220;fa fa-long-arrow-left&#8220; r_icon_fontawesome=&#8220;fa fa-long-arrow-right&#8220; class=&#8220;rda_fadeInUp&#8220; source=&#8220;size:24|order_by:date|order:ASC|post_type:client&#8220; cms_template=&#8220;cms_carousel&#8211;layout-client3.php&#8220;][vc_empty_space height=&#8220;90px&#8220;][\/vc_column][\/vc_row]<\/p>","protected":false},"excerpt":{"rendered":"<p>[vc_row][vc_column][rev_slider_vc alias=&#8220;slider-home-de&#8220;][\/vc_column][\/vc_row][vc_row background_gradient_color=&#8220;&#8220;][vc_column animation=&#8220;rda_fadeIn&#8220;][cms_cta cta_text=&#8220;Wir sind eine Boutique Anwaltskanzlei. Wir bieten unseren Klienten juristische Dienstleistungen auf dem der f\u00fchrenden Anwaltskanzleien in der Slowakei entsprechenden Qualit\u00e4tsniveau und unter g\u00fcnstigen finanziellen Bedingungen.&#8220; button_text=&#8220;Bitte kontaktieren Sie uns&#8220; link_button=&#8220;http:\/\/www.kpl.sk\/kontakt\/&#8220; button_size=&#8220;btn-xs&#8220;][vc_empty_space height=&#8220;90px&#8220;][\/vc_column][\/vc_row][vc_row][vc_column animation=&#8220;rda_fadeInUp&#8220; text_align=&#8220;center&#8220;][cms_grid layout=&#8220;masonry&#8220; col_xs=&#8220;1&#8243; col_sm=&#8220;2&#8243; col_md=&#8220;3&#8243; col_lg=&#8220;4&#8243; filter=&#8220;false&#8220; source=&#8220;size:4|order_by:date|order:ASC|post_type:practice&#8220; cms_template=&#8220;cms_grid&#8211;layout-practice5.php&#8220;][cms_button button_text=&#8220;Andere Dienstleistungen&#8220; link_button=&#8220;http:\/\/www.kpl.sk\/sluzby\/&#8220; button_style=&#8220;btn-secondary&#8220;][vc_empty_space height=&#8220;36px&#8220;][\/vc_column][\/vc_row][vc_row full_width=&#8220;stretch_row&#8220; css=&#8220;.vc_custom_1443666613799{background-color: #f9f9f9 [&hellip;]<\/p>\n","protected":false},"author":1,"featured_media":0,"parent":0,"menu_order":0,"comment_status":"closed","ping_status":"closed","template":"","meta":[],"yst_prominent_words":[],"_links":{"self":[{"href":"https:\/\/www.kpl.sk\/de\/wp-json\/wp\/v2\/pages\/865"}],"collection":[{"href":"https:\/\/www.kpl.sk\/de\/wp-json\/wp\/v2\/pages"}],"about":[{"href":"https:\/\/www.kpl.sk\/de\/wp-json\/wp\/v2\/types\/page"}],"author":[{"embeddable":true,"href":"https:\/\/www.kpl.sk\/de\/wp-json\/wp\/v2\/users\/1"}],"replies":[{"embeddable":true,"href":"https:\/\/www.kpl.sk\/de\/wp-json\/wp\/v2\/comments?post=865"}],"version-history":[{"count":120,"href":"https:\/\/www.kpl.sk\/de\/wp-json\/wp\/v2\/pages\/865\/revisions"}],"predecessor-version":[{"id":2291,"href":"https:\/\/www.kpl.sk\/de\/wp-json\/wp\/v2\/pages\/865\/revisions\/2291"}],"wp:attachment":[{"href":"https:\/\/www.kpl.sk\/de\/wp-json\/wp\/v2\/media?parent=865"}],"wp:term":[{"taxonomy":"yst_prominent_words","embeddable":true,"href":"https:\/\/www.kpl.sk\/de\/wp-json\/wp\/v2\/yst_prominent_words?post=865"}],"curies":[{"name":"wp","href":"https:\/\/api.w.org\/{rel}","templated":true}]}}